{"id":184,"date":"2025-07-02T17:24:43","date_gmt":"2025-07-02T17:24:43","guid":{"rendered":"https:\/\/1chauffeur.re\/?page_id=184"},"modified":"2025-07-06T09:41:30","modified_gmt":"2025-07-06T09:41:30","slug":"cgv-cgu","status":"publish","type":"page","link":"https:\/\/1chauffeur.re\/en\/cgv-cgu\/","title":{"rendered":"Terms and Conditions"},"content":{"rendered":"<div data-elementor-type=\"wp-page\" data-elementor-id=\"184\" class=\"elementor elementor-184\" data-elementor-post-type=\"page\">\n\t\t\t\t<div class=\"elementor-element elementor-element-a8c7509 e-flex e-con-boxed e-con e-parent\" data-id=\"a8c7509\" data-element_type=\"container\" data-e-type=\"container\">\n\t\t\t\t\t<div class=\"e-con-inner\">\n\t\t\t\t<div class=\"elementor-element elementor-element-584bf4d elementor-widget elementor-widget-heading\" data-id=\"584bf4d\" data-element_type=\"widget\" data-e-type=\"widget\" data-widget_type=\"heading.default\">\n\t\t\t\t\t<h2 class=\"elementor-heading-title elementor-size-default\">Conditions G\u00e9n\u00e9rales de Vente et d\u2019Utilisation (CGV\/CGU)<\/h2>\t\t\t\t<\/div>\n\t\t\t\t\t<\/div>\n\t\t\t\t<\/div>\n\t\t<div class=\"elementor-element elementor-element-efd3da5 e-flex e-con-boxed e-con e-parent\" data-id=\"efd3da5\" data-element_type=\"container\" data-e-type=\"container\">\n\t\t\t\t\t<div class=\"e-con-inner\">\n\t\t\t\t<div class=\"elementor-element elementor-element-7a4e76c elementor-widget elementor-widget-text-editor\" data-id=\"7a4e76c\" data-element_type=\"widget\" data-e-type=\"widget\" data-widget_type=\"text-editor.default\">\n\t\t\t\t\t\t\t\t\t<p>1.OBJET<\/p><p data-start=\"440\" data-end=\"688\">Les pr\u00e9sentes Conditions G\u00e9n\u00e9rales ont pour objet de d\u00e9finir les modalit\u00e9s de r\u00e9servation, d\u2019utilisation et de paiement des services propos\u00e9s par 1chauffeur.re, sp\u00e9cialis\u00e9 dans le transport de personnes avec chauffeur (VTC) sur l\u2019\u00eele de La R\u00e9union.<\/p>\t\t\t\t\t\t\t\t<\/div>\n\t\t\t\t<div class=\"elementor-element elementor-element-4815f75 elementor-widget elementor-widget-text-editor\" data-id=\"4815f75\" data-element_type=\"widget\" data-e-type=\"widget\" data-widget_type=\"text-editor.default\">\n\t\t\t\t\t\t\t\t\t<p data-start=\"695\" data-end=\"733\">2. R\u00e9servation des prestations<\/p><ul data-start=\"734\" data-end=\"1071\"><li data-start=\"734\" data-end=\"829\"><p data-start=\"736\" data-end=\"829\">Les trajets s\u2019effectuent uniquement <strong data-start=\"772\" data-end=\"791\">sur r\u00e9servation<\/strong> via le site, par e-mail ou t\u00e9l\u00e9phone.<\/p><\/li><li data-start=\"830\" data-end=\"960\"><p data-start=\"832\" data-end=\"960\">Le Client doit fournir des informations exactes : nom, nombre de personnes, nombre de bagages, lieu et heure de prise en charge.<\/p><\/li><li data-start=\"961\" data-end=\"1071\"><p data-start=\"963\" data-end=\"1071\">La r\u00e9servation est confirm\u00e9e par retour d\u2019email ou SMS. Sans confirmation, la prestation n\u2019est pas garantie.<\/p><\/li><\/ul>\t\t\t\t\t\t\t\t<\/div>\n\t\t\t\t\t<\/div>\n\t\t\t\t<\/div>\n\t\t<div class=\"elementor-element elementor-element-f612ac0 e-flex e-con-boxed e-con e-parent\" data-id=\"f612ac0\" data-element_type=\"container\" data-e-type=\"container\">\n\t\t\t\t\t<div class=\"e-con-inner\">\n\t\t\t\t<div class=\"elementor-element elementor-element-43d567a elementor-widget elementor-widget-text-editor\" data-id=\"43d567a\" data-element_type=\"widget\" data-e-type=\"widget\" data-widget_type=\"text-editor.default\">\n\t\t\t\t\t\t\t\t\t<p data-start=\"1078\" data-end=\"1108\">3. Tarifs et paiements<\/p><ul data-start=\"1109\" data-end=\"1519\"><li data-start=\"1109\" data-end=\"1264\"><p data-start=\"1111\" data-end=\"1264\">Les tarifs sont exprim\u00e9s <strong data-start=\"1136\" data-end=\"1152\">en euros TTC<\/strong> et peuvent varier selon la distance, l\u2019horaire ou les conditions particuli\u00e8res (dimanche, nuit, jours f\u00e9ri\u00e9s\u2026).<\/p><\/li><li data-start=\"1265\" data-end=\"1436\"><p data-start=\"1267\" data-end=\"1297\">Le paiement peut s\u2019effectuer :<\/p><ul data-start=\"1300\" data-end=\"1436\"><li data-start=\"1300\" data-end=\"1337\"><p data-start=\"1302\" data-end=\"1337\">En esp\u00e8ces directement au chauffeur<\/p><\/li><li data-start=\"1340\" data-end=\"1376\"><p data-start=\"1342\" data-end=\"1376\">Par carte bancaire<\/p><\/li><li data-start=\"1379\" data-end=\"1436\"><p data-start=\"1381\" data-end=\"1436\">Ou par tout autre moyen accept\u00e9 d\u2019avance par la soci\u00e9t\u00e9<\/p><\/li><\/ul><\/li><li data-start=\"1437\" data-end=\"1519\"><p data-start=\"1439\" data-end=\"1519\">Aucun acompte n\u2019est demand\u00e9 sauf cas particulier pr\u00e9cis\u00e9 lors de la r\u00e9servation.<\/p><\/li><\/ul>\t\t\t\t\t\t\t\t<\/div>\n\t\t\t\t\t<\/div>\n\t\t\t\t<\/div>\n\t\t<div class=\"elementor-element elementor-element-d26faed e-flex e-con-boxed e-con e-parent\" data-id=\"d26faed\" data-element_type=\"container\" data-e-type=\"container\">\n\t\t\t\t\t<div class=\"e-con-inner\">\n\t\t\t\t<div class=\"elementor-element elementor-element-870703a elementor-widget elementor-widget-text-editor\" data-id=\"870703a\" data-element_type=\"widget\" data-e-type=\"widget\" data-widget_type=\"text-editor.default\">\n\t\t\t\t\t\t\t\t\t<p data-start=\"1526\" data-end=\"1565\">4. Modifications et annulations<\/p><ul data-start=\"1566\" data-end=\"1889\"><li data-start=\"1566\" data-end=\"1632\"><p data-start=\"1568\" data-end=\"1632\">Toute annulation doit \u00eatre signal\u00e9e <strong data-start=\"1604\" data-end=\"1631\">au moins 24h \u00e0 l\u2019avance<\/strong>.<\/p><\/li><li data-start=\"1633\" data-end=\"1769\"><p data-start=\"1635\" data-end=\"1769\">En cas d\u2019annulation tardive ou de non-pr\u00e9sentation du Client, <strong data-start=\"1697\" data-end=\"1734\">des frais pourront \u00eatre appliqu\u00e9s<\/strong>, \u00e0 hauteur du montant total pr\u00e9vu.<\/p><\/li><li data-start=\"1770\" data-end=\"1889\"><p data-start=\"1772\" data-end=\"1889\">En cas de retard du Client sup\u00e9rieur \u00e0 15 minutes sans information, la prestation pourra \u00eatre annul\u00e9e de plein droit.<\/p><\/li><\/ul>\t\t\t\t\t\t\t\t<\/div>\n\t\t\t\t\t<\/div>\n\t\t\t\t<\/div>\n\t\t<div class=\"elementor-element elementor-element-c3d048d e-flex e-con-boxed e-con e-parent\" data-id=\"c3d048d\" data-element_type=\"container\" data-e-type=\"container\">\n\t\t\t\t\t<div class=\"e-con-inner\">\n\t\t\t\t<div class=\"elementor-element elementor-element-65ffe51 elementor-widget elementor-widget-text-editor\" data-id=\"65ffe51\" data-element_type=\"widget\" data-e-type=\"widget\" data-widget_type=\"text-editor.default\">\n\t\t\t\t\t\t\t\t\t<p data-start=\"1896\" data-end=\"1928\">5. Obligations du client<\/p><p data-start=\"1929\" data-end=\"1951\">Le Client s\u2019engage \u00e0 :<\/p><ul data-start=\"1952\" data-end=\"2149\"><li data-start=\"1952\" data-end=\"2007\"><p data-start=\"1954\" data-end=\"2007\">Se comporter de mani\u00e8re respectueuse dans le v\u00e9hicule<\/p><\/li><li data-start=\"2008\" data-end=\"2046\"><p data-start=\"2010\" data-end=\"2046\">Respecter les consignes du chauffeur<\/p><\/li><li data-start=\"2047\" data-end=\"2078\"><p data-start=\"2049\" data-end=\"2078\">Ne pas d\u00e9t\u00e9riorer le v\u00e9hicule<\/p><\/li><li data-start=\"2079\" data-end=\"2149\"><p data-start=\"2081\" data-end=\"2149\">\u00catre apte \u00e0 effectuer le trajet r\u00e9serv\u00e9 (physiquement et l\u00e9galement)<\/p><\/li><\/ul>\t\t\t\t\t\t\t\t<\/div>\n\t\t\t\t\t<\/div>\n\t\t\t\t<\/div>\n\t\t<div class=\"elementor-element elementor-element-ff73de2 e-flex e-con-boxed e-con e-parent\" data-id=\"ff73de2\" data-element_type=\"container\" data-e-type=\"container\">\n\t\t\t\t\t<div class=\"e-con-inner\">\n\t\t\t\t<div class=\"elementor-element elementor-element-3548568 elementor-widget elementor-widget-text-editor\" data-id=\"3548568\" data-element_type=\"widget\" data-e-type=\"widget\" data-widget_type=\"text-editor.default\">\n\t\t\t\t\t\t\t\t\t<p data-start=\"2156\" data-end=\"2192\">6. Obligations de la soci\u00e9t\u00e9<\/p><p data-start=\"2193\" data-end=\"2219\">1chauffeur.re s\u2019engage \u00e0 :<\/p><ul data-start=\"2220\" data-end=\"2397\"><li data-start=\"2220\" data-end=\"2269\"><p data-start=\"2222\" data-end=\"2269\">Fournir un v\u00e9hicule propre, entretenu et adapt\u00e9<\/p><\/li><li data-start=\"2270\" data-end=\"2319\"><p data-start=\"2272\" data-end=\"2319\">Mettre \u00e0 disposition un chauffeur professionnel<\/p><\/li><li data-start=\"2320\" data-end=\"2397\"><p data-start=\"2322\" data-end=\"2397\">Assurer ponctualit\u00e9 et s\u00e9curit\u00e9 dans les conditions normales de circulation<\/p><\/li><\/ul>\t\t\t\t\t\t\t\t<\/div>\n\t\t\t\t\t<\/div>\n\t\t\t\t<\/div>\n\t\t<div class=\"elementor-element elementor-element-0f63aa3 e-flex e-con-boxed e-con e-parent\" data-id=\"0f63aa3\" data-element_type=\"container\" data-e-type=\"container\">\n\t\t\t\t\t<div class=\"e-con-inner\">\n\t\t\t\t<div class=\"elementor-element elementor-element-9fd48f6 elementor-widget elementor-widget-text-editor\" data-id=\"9fd48f6\" data-element_type=\"widget\" data-e-type=\"widget\" data-widget_type=\"text-editor.default\">\n\t\t\t\t\t\t\t\t\t<p data-start=\"2404\" data-end=\"2422\">7. Bagages<\/p><ul data-start=\"2423\" data-end=\"2657\"><li data-start=\"2423\" data-end=\"2497\"><p data-start=\"2425\" data-end=\"2497\">Chaque passager peut embarquer <strong data-start=\"2456\" data-end=\"2494\">1 valise cabine et 1 bagage \u00e0 main<\/strong>.<\/p><\/li><li data-start=\"2498\" data-end=\"2554\"><p data-start=\"2500\" data-end=\"2554\">Tout bagage volumineux doit \u00eatre signal\u00e9 \u00e0 l\u2019avance.<\/p><\/li><li data-start=\"2555\" data-end=\"2657\"><p data-start=\"2557\" data-end=\"2657\">La soci\u00e9t\u00e9 d\u00e9cline toute responsabilit\u00e9 en cas de perte, vol ou d\u00e9t\u00e9rioration de bagage non d\u00e9clar\u00e9.<\/p><\/li><\/ul>\t\t\t\t\t\t\t\t<\/div>\n\t\t\t\t\t<\/div>\n\t\t\t\t<\/div>\n\t\t<div class=\"elementor-element elementor-element-9ea4394 e-flex e-con-boxed e-con e-parent\" data-id=\"9ea4394\" data-element_type=\"container\" data-e-type=\"container\">\n\t\t\t\t\t<div class=\"e-con-inner\">\n\t\t\t\t<div class=\"elementor-element elementor-element-9394d75 elementor-widget elementor-widget-text-editor\" data-id=\"9394d75\" data-element_type=\"widget\" data-e-type=\"widget\" data-widget_type=\"text-editor.default\">\n\t\t\t\t\t\t\t\t\t<p data-start=\"2664\" data-end=\"2689\">8. Responsabilit\u00e9<\/p><ul data-start=\"2690\" data-end=\"2924\"><li data-start=\"2690\" data-end=\"2846\"><p data-start=\"2692\" data-end=\"2846\">La soci\u00e9t\u00e9 ne pourra \u00eatre tenue responsable en cas de <strong data-start=\"2746\" data-end=\"2784\">retard d\u00fb \u00e0 un \u00e9v\u00e9nement ext\u00e9rieur<\/strong> : embouteillage, accident, gr\u00e8ve, catastrophe naturelle, etc.<\/p><\/li><li data-start=\"2847\" data-end=\"2924\"><p data-start=\"2849\" data-end=\"2924\">Aucune indemnit\u00e9 ne sera due en cas de retard ind\u00e9pendant de notre volont\u00e9.<\/p><\/li><\/ul>\t\t\t\t\t\t\t\t<\/div>\n\t\t\t\t\t<\/div>\n\t\t\t\t<\/div>\n\t\t<div class=\"elementor-element elementor-element-79c3920 e-flex e-con-boxed e-con e-parent\" data-id=\"79c3920\" data-element_type=\"container\" data-e-type=\"container\">\n\t\t\t\t\t<div class=\"e-con-inner\">\n\t\t\t\t<div class=\"elementor-element elementor-element-beb9c45 elementor-widget elementor-widget-text-editor\" data-id=\"beb9c45\" data-element_type=\"widget\" data-e-type=\"widget\" data-widget_type=\"text-editor.default\">\n\t\t\t\t\t\t\t\t\t<p data-start=\"2931\" data-end=\"2962\">9. Donn\u00e9es personnelles<\/p><p data-start=\"2963\" data-end=\"3209\">Les donn\u00e9es collect\u00e9es sont utilis\u00e9es uniquement pour le traitement des r\u00e9servations et ne sont jamais revendues.<br data-start=\"3076\" data-end=\"3079\" \/>Le Client peut demander \u00e0 tout moment la modification ou la suppression de ses donn\u00e9es par simple email \u00e0 : <a class=\"cursor-pointer\" rel=\"noopener\" data-start=\"3187\" data-end=\"3208\">contact@1chauffeur.re<\/a>.<\/p>\t\t\t\t\t\t\t\t<\/div>\n\t\t\t\t\t<\/div>\n\t\t\t\t<\/div>\n\t\t<div class=\"elementor-element elementor-element-b98f40f e-flex e-con-boxed e-con e-parent\" data-id=\"b98f40f\" data-element_type=\"container\" data-e-type=\"container\">\n\t\t\t\t\t<div class=\"e-con-inner\">\n\t\t\t\t<div class=\"elementor-element elementor-element-32d06de elementor-widget elementor-widget-text-editor\" data-id=\"32d06de\" data-element_type=\"widget\" data-e-type=\"widget\" data-widget_type=\"text-editor.default\">\n\t\t\t\t\t\t\t\t\t<p data-start=\"3216\" data-end=\"3235\">10. Litiges<\/p><p data-start=\"3236\" data-end=\"3386\">En cas de litige, une solution amiable sera recherch\u00e9e en priorit\u00e9.<br data-start=\"3303\" data-end=\"3306\" \/>\u00c0 d\u00e9faut, les tribunaux comp\u00e9tents seront ceux du lieu d\u2019exercice de l\u2019activit\u00e9.<\/p>\t\t\t\t\t\t\t\t<\/div>\n\t\t\t\t\t<\/div>\n\t\t\t\t<\/div>\n\t\t<div class=\"elementor-element elementor-element-eac7c5e e-flex e-con-boxed e-con e-parent\" data-id=\"eac7c5e\" data-element_type=\"container\" data-e-type=\"container\">\n\t\t\t\t\t<div class=\"e-con-inner\">\n\t\t\t\t<div class=\"elementor-element elementor-element-7396585 elementor-widget elementor-widget-text-editor\" data-id=\"7396585\" data-element_type=\"widget\" data-e-type=\"widget\" data-widget_type=\"text-editor.default\">\n\t\t\t\t\t\t\t\t\t<p data-start=\"3393\" data-end=\"3416\">11. Acceptation<\/p><p data-start=\"3417\" data-end=\"3537\">En r\u00e9servant un service via 1chauffeur.re, le Client reconna\u00eet avoir pris connaissance et accept\u00e9 les pr\u00e9sentes CGV\/CGU.<\/p>\t\t\t\t\t\t\t\t<\/div>\n\t\t\t\t\t<\/div>\n\t\t\t\t<\/div>\n\t\t\t\t<\/div>","protected":false},"excerpt":{"rendered":"<p>Conditions G\u00e9n\u00e9rales de Vente et d\u2019Utilisation (CGV\/CGU) 1.OBJET Les pr\u00e9sentes Conditions G\u00e9n\u00e9rales ont pour objet de d\u00e9finir les modalit\u00e9s de [&hellip;]<\/p>\n","protected":false},"author":1,"featured_media":0,"parent":0,"menu_order":0,"comment_status":"closed","ping_status":"closed","template":"elementor_canvas","meta":{"site-sidebar-layout":"no-sidebar","site-content-layout":"","ast-site-content-layout":"full-width-container","site-content-style":"default","site-sidebar-style":"default","ast-global-header-display":"","ast-banner-title-visibility":"","ast-main-header-display":"","ast-hfb-above-header-display":"","ast-hfb-below-header-display":"","ast-hfb-mobile-header-display":"","site-post-title":"disabled","ast-breadcrumbs-content":"","ast-featured-img":"disabled","footer-sml-layout":"","ast-disable-related-posts":"","theme-transparent-header-meta":"","adv-header-id-meta":"","stick-header-meta":"","header-above-stick-meta":"","header-main-stick-meta":"","header-below-stick-meta":"","astra-migrate-meta-layouts":"default","ast-page-background-enabled":"default","ast-page-background-meta":{"desktop":{"background-color":"var(--ast-global-color-5)","background-image":"","background-repeat":"repeat","background-position":"center center","background-size":"auto","background-attachment":"scroll","background-type":"","background-media":"","overlay-type":"","overlay-color":"","overlay-opacity":"","overlay-gradient":""},"tablet":{"background-color":"","background-image":"","background-repeat":"repeat","background-position":"center center","background-size":"auto","background-attachment":"scroll","background-type":"","background-media":"","overlay-type":"","overlay-color":"","overlay-opacity":"","overlay-gradient":""},"mobile":{"background-color":"","background-image":"","background-repeat":"repeat","background-position":"center center","background-size":"auto","background-attachment":"scroll","background-type":"","background-media":"","overlay-type":"","overlay-color":"","overlay-opacity":"","overlay-gradient":""}},"ast-content-background-meta":{"desktop":{"background-color":"var(--ast-global-color-4)","background-image":"","background-repeat":"repeat","background-position":"center center","background-size":"auto","background-attachment":"scroll","background-type":"","background-media":"","overlay-type":"","overlay-color":"","overlay-opacity":"","overlay-gradient":""},"tablet":{"background-color":"var(--ast-global-color-4)","background-image":"","background-repeat":"repeat","background-position":"center center","background-size":"auto","background-attachment":"scroll","background-type":"","background-media":"","overlay-type":"","overlay-color":"","overlay-opacity":"","overlay-gradient":""},"mobile":{"background-color":"var(--ast-global-color-4)","background-image":"","background-repeat":"repeat","background-position":"center center","background-size":"auto","background-attachment":"scroll","background-type":"","background-media":"","overlay-type":"","overlay-color":"","overlay-opacity":"","overlay-gradient":""}},"_joinchat":[],"footnotes":""},"class_list":["post-184","page","type-page","status-publish","hentry"],"yoast_head":"<!-- This site is optimized with the Yoast SEO plugin v27.3 - https:\/\/yoast.com\/product\/yoast-seo-wordpress\/ -->\n<title>CGV\/CGU - VTC R\u00e9union - Chauffeur Priv\u00e9 24h\/7j - 1chauffeur.re<\/title>\n<meta name=\"description\" content=\"VTC R\u00e9union - Chauffeur Priv\u00e9 24h\/7j - 1chauffeur.re\" \/>\n<meta name=\"robots\" content=\"index, follow, max-snippet:-1, max-image-preview:large, max-video-preview:-1\" \/>\n<link rel=\"canonical\" href=\"https:\/\/1chauffeur.re\/en\/cgv-cgu\/\" \/>\n<meta property=\"og:locale\" content=\"en_US\" \/>\n<meta property=\"og:type\" content=\"article\" \/>\n<meta property=\"og:title\" content=\"CGV\/CGU - VTC R\u00e9union - Chauffeur Priv\u00e9 24h\/7j - 1chauffeur.re\" \/>\n<meta property=\"og:description\" content=\"VTC R\u00e9union - Chauffeur Priv\u00e9 24h\/7j - 1chauffeur.re\" \/>\n<meta property=\"og:url\" content=\"https:\/\/1chauffeur.re\/en\/cgv-cgu\/\" \/>\n<meta property=\"og:site_name\" content=\"VTC R\u00e9union - Chauffeur Priv\u00e9 24h\/7j - 1chauffeur.re\" \/>\n<meta property=\"article:publisher\" content=\"https:\/\/www.facebook.com\/share\/15ScmMD6RwE\/\" \/>\n<meta property=\"article:modified_time\" content=\"2025-07-06T09:41:30+00:00\" \/>\n<meta name=\"twitter:card\" content=\"summary_large_image\" \/>\n<meta name=\"twitter:label1\" content=\"Est. reading time\" \/>\n\t<meta name=\"twitter:data1\" content=\"3 minutes\" \/>\n<script type=\"application\/ld+json\" class=\"yoast-schema-graph\">{\"@context\":\"https:\\\/\\\/schema.org\",\"@graph\":[{\"@type\":\"WebPage\",\"@id\":\"https:\\\/\\\/1chauffeur.re\\\/cgv-cgu\\\/\",\"url\":\"https:\\\/\\\/1chauffeur.re\\\/cgv-cgu\\\/\",\"name\":\"CGV\\\/CGU - VTC R\u00e9union - Chauffeur Priv\u00e9 24h\\\/7j - 1chauffeur.re\",\"isPartOf\":{\"@id\":\"https:\\\/\\\/1chauffeur.re\\\/#website\"},\"datePublished\":\"2025-07-02T17:24:43+00:00\",\"dateModified\":\"2025-07-06T09:41:30+00:00\",\"description\":\"VTC R\u00e9union - Chauffeur Priv\u00e9 24h\\\/7j - 1chauffeur.re\",\"breadcrumb\":{\"@id\":\"https:\\\/\\\/1chauffeur.re\\\/cgv-cgu\\\/#breadcrumb\"},\"inLanguage\":\"en-US\",\"potentialAction\":[{\"@type\":\"ReadAction\",\"target\":[\"https:\\\/\\\/1chauffeur.re\\\/cgv-cgu\\\/\"]}]},{\"@type\":\"BreadcrumbList\",\"@id\":\"https:\\\/\\\/1chauffeur.re\\\/cgv-cgu\\\/#breadcrumb\",\"itemListElement\":[{\"@type\":\"ListItem\",\"position\":1,\"name\":\"Accueil\",\"item\":\"https:\\\/\\\/1chauffeur.re\\\/\"},{\"@type\":\"ListItem\",\"position\":2,\"name\":\"CGV\\\/CGU\"}]},{\"@type\":\"WebSite\",\"@id\":\"https:\\\/\\\/1chauffeur.re\\\/#website\",\"url\":\"https:\\\/\\\/1chauffeur.re\\\/\",\"name\":\"1chauffeur.re\",\"description\":\"Chauffeur priv\u00e9 974 disponible 24h\\\/7 pour vos Transferts a\u00e9roport, trajets pros et perso, circuit touristique\",\"publisher\":{\"@id\":\"https:\\\/\\\/1chauffeur.re\\\/#organization\"},\"potentialAction\":[{\"@type\":\"SearchAction\",\"target\":{\"@type\":\"EntryPoint\",\"urlTemplate\":\"https:\\\/\\\/1chauffeur.re\\\/?s={search_term_string}\"},\"query-input\":{\"@type\":\"PropertyValueSpecification\",\"valueRequired\":true,\"valueName\":\"search_term_string\"}}],\"inLanguage\":\"en-US\"},{\"@type\":\"Organization\",\"@id\":\"https:\\\/\\\/1chauffeur.re\\\/#organization\",\"name\":\"1chauffeur.re\",\"url\":\"https:\\\/\\\/1chauffeur.re\\\/\",\"logo\":{\"@type\":\"ImageObject\",\"inLanguage\":\"en-US\",\"@id\":\"https:\\\/\\\/1chauffeur.re\\\/#\\\/schema\\\/logo\\\/image\\\/\",\"url\":\"https:\\\/\\\/1chauffeur.re\\\/wp-content\\\/uploads\\\/2025\\\/07\\\/logo-taxi.svg\",\"contentUrl\":\"https:\\\/\\\/1chauffeur.re\\\/wp-content\\\/uploads\\\/2025\\\/07\\\/logo-taxi.svg\",\"width\":216,\"height\":44,\"caption\":\"1chauffeur.re\"},\"image\":{\"@id\":\"https:\\\/\\\/1chauffeur.re\\\/#\\\/schema\\\/logo\\\/image\\\/\"},\"sameAs\":[\"https:\\\/\\\/www.facebook.com\\\/share\\\/15ScmMD6RwE\\\/\"]}]}<\/script>\n<!-- \/ Yoast SEO plugin. -->","yoast_head_json":{"title":"CGV\/CGU - VTC R\u00e9union - Chauffeur Priv\u00e9 24h\/7j - 1chauffeur.re","description":"VTC R\u00e9union - Chauffeur Priv\u00e9 24h\/7j - 1chauffeur.re","robots":{"index":"index","follow":"follow","max-snippet":"max-snippet:-1","max-image-preview":"max-image-preview:large","max-video-preview":"max-video-preview:-1"},"canonical":"https:\/\/1chauffeur.re\/en\/cgv-cgu\/","og_locale":"en_US","og_type":"article","og_title":"CGV\/CGU - VTC R\u00e9union - Chauffeur Priv\u00e9 24h\/7j - 1chauffeur.re","og_description":"VTC R\u00e9union - Chauffeur Priv\u00e9 24h\/7j - 1chauffeur.re","og_url":"https:\/\/1chauffeur.re\/en\/cgv-cgu\/","og_site_name":"VTC R\u00e9union - Chauffeur Priv\u00e9 24h\/7j - 1chauffeur.re","article_publisher":"https:\/\/www.facebook.com\/share\/15ScmMD6RwE\/","article_modified_time":"2025-07-06T09:41:30+00:00","twitter_card":"summary_large_image","twitter_misc":{"Est. reading time":"3 minutes"},"schema":{"@context":"https:\/\/schema.org","@graph":[{"@type":"WebPage","@id":"https:\/\/1chauffeur.re\/cgv-cgu\/","url":"https:\/\/1chauffeur.re\/cgv-cgu\/","name":"CGV\/CGU - VTC R\u00e9union - Chauffeur Priv\u00e9 24h\/7j - 1chauffeur.re","isPartOf":{"@id":"https:\/\/1chauffeur.re\/#website"},"datePublished":"2025-07-02T17:24:43+00:00","dateModified":"2025-07-06T09:41:30+00:00","description":"VTC R\u00e9union - Chauffeur Priv\u00e9 24h\/7j - 1chauffeur.re","breadcrumb":{"@id":"https:\/\/1chauffeur.re\/cgv-cgu\/#breadcrumb"},"inLanguage":"en-US","potentialAction":[{"@type":"ReadAction","target":["https:\/\/1chauffeur.re\/cgv-cgu\/"]}]},{"@type":"BreadcrumbList","@id":"https:\/\/1chauffeur.re\/cgv-cgu\/#breadcrumb","itemListElement":[{"@type":"ListItem","position":1,"name":"Accueil","item":"https:\/\/1chauffeur.re\/"},{"@type":"ListItem","position":2,"name":"CGV\/CGU"}]},{"@type":"WebSite","@id":"https:\/\/1chauffeur.re\/#website","url":"https:\/\/1chauffeur.re\/","name":"1chauffeur.re","description":"Chauffeur priv\u00e9 974 disponible 24h\/7 pour vos Transferts a\u00e9roport, trajets pros et perso, circuit touristique","publisher":{"@id":"https:\/\/1chauffeur.re\/#organization"},"potentialAction":[{"@type":"SearchAction","target":{"@type":"EntryPoint","urlTemplate":"https:\/\/1chauffeur.re\/?s={search_term_string}"},"query-input":{"@type":"PropertyValueSpecification","valueRequired":true,"valueName":"search_term_string"}}],"inLanguage":"en-US"},{"@type":"Organization","@id":"https:\/\/1chauffeur.re\/#organization","name":"1chauffeur.re","url":"https:\/\/1chauffeur.re\/","logo":{"@type":"ImageObject","inLanguage":"en-US","@id":"https:\/\/1chauffeur.re\/#\/schema\/logo\/image\/","url":"https:\/\/1chauffeur.re\/wp-content\/uploads\/2025\/07\/logo-taxi.svg","contentUrl":"https:\/\/1chauffeur.re\/wp-content\/uploads\/2025\/07\/logo-taxi.svg","width":216,"height":44,"caption":"1chauffeur.re"},"image":{"@id":"https:\/\/1chauffeur.re\/#\/schema\/logo\/image\/"},"sameAs":["https:\/\/www.facebook.com\/share\/15ScmMD6RwE\/"]}]}},"_links":{"self":[{"href":"https:\/\/1chauffeur.re\/en\/wp-json\/wp\/v2\/pages\/184","targetHints":{"allow":["GET"]}}],"collection":[{"href":"https:\/\/1chauffeur.re\/en\/wp-json\/wp\/v2\/pages"}],"about":[{"href":"https:\/\/1chauffeur.re\/en\/wp-json\/wp\/v2\/types\/page"}],"author":[{"embeddable":true,"href":"https:\/\/1chauffeur.re\/en\/wp-json\/wp\/v2\/users\/1"}],"replies":[{"embeddable":true,"href":"https:\/\/1chauffeur.re\/en\/wp-json\/wp\/v2\/comments?post=184"}],"version-history":[{"count":16,"href":"https:\/\/1chauffeur.re\/en\/wp-json\/wp\/v2\/pages\/184\/revisions"}],"predecessor-version":[{"id":545,"href":"https:\/\/1chauffeur.re\/en\/wp-json\/wp\/v2\/pages\/184\/revisions\/545"}],"wp:attachment":[{"href":"https:\/\/1chauffeur.re\/en\/wp-json\/wp\/v2\/media?parent=184"}],"curies":[{"name":"wp","href":"https:\/\/api.w.org\/{rel}","templated":true}]}}