{"id":202,"date":"2025-07-02T17:39:57","date_gmt":"2025-07-02T17:39:57","guid":{"rendered":"https:\/\/1chauffeur.re\/?page_id=202"},"modified":"2025-07-06T09:39:59","modified_gmt":"2025-07-06T09:39:59","slug":"mentions-legales","status":"publish","type":"page","link":"https:\/\/1chauffeur.re\/en\/mentions-legales\/","title":{"rendered":"Legal Information"},"content":{"rendered":"<div data-elementor-type=\"wp-page\" data-elementor-id=\"202\" class=\"elementor elementor-202\" data-elementor-post-type=\"page\">\n\t\t\t\t<div class=\"elementor-element elementor-element-8d30a7f e-flex e-con-boxed e-con e-parent\" data-id=\"8d30a7f\" data-element_type=\"container\" data-e-type=\"container\">\n\t\t\t\t\t<div class=\"e-con-inner\">\n\t\t\t\t<div class=\"elementor-element elementor-element-6b5b901 elementor-widget elementor-widget-heading\" data-id=\"6b5b901\" data-element_type=\"widget\" data-e-type=\"widget\" data-widget_type=\"heading.default\">\n\t\t\t\t\t<h2 class=\"elementor-heading-title elementor-size-default\">Legal Information<\/h2>\t\t\t\t<\/div>\n\t\t\t\t\t<\/div>\n\t\t\t\t<\/div>\n\t\t<div class=\"elementor-element elementor-element-60d727b e-flex e-con-boxed e-con e-parent\" data-id=\"60d727b\" data-element_type=\"container\" data-e-type=\"container\">\n\t\t\t\t\t<div class=\"e-con-inner\">\n\t\t\t\t<div class=\"elementor-element elementor-element-fad8de7 elementor-widget elementor-widget-text-editor\" data-id=\"fad8de7\" data-element_type=\"widget\" data-e-type=\"widget\" data-widget_type=\"text-editor.default\">\n\t\t\t\t\t\t\t\t\t<p data-start=\"206\" data-end=\"450\">\u00c9diteur du site<br data-start=\"225\" data-end=\"228\" \/>Ce site est \u00e9dit\u00e9 par :<br data-start=\"251\" data-end=\"254\" \/>1chauffeur.re<br data-start=\"271\" data-end=\"274\" \/>Contact : <a class=\"cursor-pointer\" rel=\"noopener\" data-start=\"284\" data-end=\"337\">contact@1chauffeur.re<\/a><br data-start=\"337\" data-end=\"340\" \/>Statut juridique : auto-entrepreneur<br data-start=\"417\" data-end=\"420\" \/>SIRET : 847 782 653 00020<\/p>\t\t\t\t\t\t\t\t<\/div>\n\t\t\t\t\t<\/div>\n\t\t\t\t<\/div>\n\t\t<div class=\"elementor-element elementor-element-6263d2b e-flex e-con-boxed e-con e-parent\" data-id=\"6263d2b\" data-element_type=\"container\" data-e-type=\"container\">\n\t\t\t\t\t<div class=\"e-con-inner\">\n\t\t\t\t<div class=\"elementor-element elementor-element-dce8320 elementor-widget elementor-widget-text-editor\" data-id=\"dce8320\" data-element_type=\"widget\" data-e-type=\"widget\" data-widget_type=\"text-editor.default\">\n\t\t\t\t\t\t\t\t\t<p data-start=\"457\" data-end=\"660\">Responsable de la publication<br data-start=\"490\" data-end=\"493\" \/>Le responsable de la publication est : Le repr\u00e9sentant l\u00e9gal de 1chauffeur.re<br data-start=\"585\" data-end=\"588\" \/>Email de contact : <a class=\"cursor-pointer\" rel=\"noopener\" data-start=\"607\" data-end=\"660\">contact@1chauffeur.re<\/a><\/p>\t\t\t\t\t\t\t\t<\/div>\n\t\t\t\t\t<\/div>\n\t\t\t\t<\/div>\n\t\t<div class=\"elementor-element elementor-element-87f79b5 e-flex e-con-boxed e-con e-parent\" data-id=\"87f79b5\" data-element_type=\"container\" data-e-type=\"container\">\n\t\t\t\t\t<div class=\"e-con-inner\">\n\t\t\t\t<div class=\"elementor-element elementor-element-5d043a5 elementor-widget elementor-widget-text-editor\" data-id=\"5d043a5\" data-element_type=\"widget\" data-e-type=\"widget\" data-widget_type=\"text-editor.default\">\n\t\t\t\t\t\t\t\t\t<p>H\u00e9bergement du site<br data-start=\"690\" data-end=\"693\" \/>Le site est h\u00e9berg\u00e9 par :<br data-start=\"718\" data-end=\"721\" \/>Hostinger International Ltd.<br data-start=\"753\" data-end=\"756\" \/>Adresse : 61 Lordou Vironos Street, 6023 Larnaca, Chypre<br data-start=\"812\" data-end=\"815\" \/>Site : <a class=\"\" href=\"https:\/\/www.hostinger.fr\" target=\"_new\" rel=\"noopener\" data-start=\"822\" data-end=\"866\">www.hostinger.fr<\/a><\/p>\t\t\t\t\t\t\t\t<\/div>\n\t\t\t\t\t<\/div>\n\t\t\t\t<\/div>\n\t\t<div class=\"elementor-element elementor-element-1b42828 e-flex e-con-boxed e-con e-parent\" data-id=\"1b42828\" data-element_type=\"container\" data-e-type=\"container\">\n\t\t\t\t\t<div class=\"e-con-inner\">\n\t\t\t\t<div class=\"elementor-element elementor-element-b8ed174 elementor-widget elementor-widget-text-editor\" data-id=\"b8ed174\" data-element_type=\"widget\" data-e-type=\"widget\" data-widget_type=\"text-editor.default\">\n\t\t\t\t\t\t\t\t\t<p data-start=\"873\" data-end=\"1167\">Propri\u00e9t\u00e9 intellectuelle<br data-start=\"901\" data-end=\"904\" \/>L\u2019ensemble des \u00e9l\u00e9ments du site (textes, images, graphismes, logo, etc.) sont la propri\u00e9t\u00e9 exclusive de 1chauffeur.re, sauf mentions contraires.<br data-start=\"1048\" data-end=\"1051\" \/>Toute reproduction, repr\u00e9sentation ou utilisation, m\u00eame partielle, est interdite sans autorisation pr\u00e9alable \u00e9crite.<\/p>\t\t\t\t\t\t\t\t<\/div>\n\t\t\t\t\t<\/div>\n\t\t\t\t<\/div>\n\t\t<div class=\"elementor-element elementor-element-f3c19db e-flex e-con-boxed e-con e-parent\" data-id=\"f3c19db\" data-element_type=\"container\" data-e-type=\"container\">\n\t\t\t\t\t<div class=\"e-con-inner\">\n\t\t\t\t<div class=\"elementor-element elementor-element-dc97dd7 elementor-widget elementor-widget-text-editor\" data-id=\"dc97dd7\" data-element_type=\"widget\" data-e-type=\"widget\" data-widget_type=\"text-editor.default\">\n\t\t\t\t\t\t\t\t\t<p data-start=\"1174\" data-end=\"1490\">Limitation de responsabilit\u00e9<br data-start=\"1206\" data-end=\"1209\" \/>1chauffeur.re s\u2019efforce d\u2019assurer l\u2019exactitude des informations publi\u00e9es sur le site. Toutefois, il ne saurait \u00eatre tenu responsable d\u2019erreurs ou d\u2019omissions, ni des cons\u00e9quences de leur utilisation.<br data-start=\"1408\" data-end=\"1411\" \/>L\u2019acc\u00e8s au site peut \u00eatre interrompu \u00e0 tout moment pour des raisons techniques.<\/p>\t\t\t\t\t\t\t\t<\/div>\n\t\t\t\t\t<\/div>\n\t\t\t\t<\/div>\n\t\t<div class=\"elementor-element elementor-element-cc71ec0 e-flex e-con-boxed e-con e-parent\" data-id=\"cc71ec0\" data-element_type=\"container\" data-e-type=\"container\">\n\t\t\t\t\t<div class=\"e-con-inner\">\n\t\t\t\t<div class=\"elementor-element elementor-element-b90fc8c elementor-widget elementor-widget-text-editor\" data-id=\"b90fc8c\" data-element_type=\"widget\" data-e-type=\"widget\" data-widget_type=\"text-editor.default\">\n\t\t\t\t\t\t\t\t\t<p>Donn\u00e9es personnelles<br data-start=\"1521\" data-end=\"1524\" \/>Les informations collect\u00e9es via les formulaires sont utilis\u00e9es uniquement dans le cadre des demandes envoy\u00e9es. Elles ne sont jamais transmises \u00e0 des tiers.<br data-start=\"1683\" data-end=\"1686\" \/>Pour plus d\u2019informations, veuillez consulter notre <a class=\"\" href=\"#\" rel=\"noopener\" data-start=\"1737\" data-end=\"1770\">Politique de confidentialit\u00e9<\/a>.<\/p>\t\t\t\t\t\t\t\t<\/div>\n\t\t\t\t\t<\/div>\n\t\t\t\t<\/div>\n\t\t\t\t<\/div>","protected":false},"excerpt":{"rendered":"<p>Mentions l\u00e9gales \u00c9diteur du siteCe site est \u00e9dit\u00e9 par :1chauffeur.reContact : contact@1chauffeur.reStatut juridique : auto-entrepreneurSIRET : 847 782 653 00020 [&hellip;]<\/p>\n","protected":false},"author":1,"featured_media":0,"parent":0,"menu_order":0,"comment_status":"closed","ping_status":"closed","template":"elementor_canvas","meta":{"site-sidebar-layout":"no-sidebar","site-content-layout":"","ast-site-content-layout":"full-width-container","site-content-style":"default","site-sidebar-style":"default","ast-global-header-display":"","ast-banner-title-visibility":"","ast-main-header-display":"","ast-hfb-above-header-display":"","ast-hfb-below-header-display":"","ast-hfb-mobile-header-display":"","site-post-title":"disabled","ast-breadcrumbs-content":"","ast-featured-img":"disabled","footer-sml-layout":"","ast-disable-related-posts":"","theme-transparent-header-meta":"","adv-header-id-meta":"","stick-header-meta":"","header-above-stick-meta":"","header-main-stick-meta":"","header-below-stick-meta":"","astra-migrate-meta-layouts":"default","ast-page-background-enabled":"default","ast-page-background-meta":{"desktop":{"background-color":"var(--ast-global-color-5)","background-image":"","background-repeat":"repeat","background-position":"center center","background-size":"auto","background-attachment":"scroll","background-type":"","background-media":"","overlay-type":"","overlay-color":"","overlay-opacity":"","overlay-gradient":""},"tablet":{"background-color":"","background-image":"","background-repeat":"repeat","background-position":"center center","background-size":"auto","background-attachment":"scroll","background-type":"","background-media":"","overlay-type":"","overlay-color":"","overlay-opacity":"","overlay-gradient":""},"mobile":{"background-color":"","background-image":"","background-repeat":"repeat","background-position":"center center","background-size":"auto","background-attachment":"scroll","background-type":"","background-media":"","overlay-type":"","overlay-color":"","overlay-opacity":"","overlay-gradient":""}},"ast-content-background-meta":{"desktop":{"background-color":"var(--ast-global-color-4)","background-image":"","background-repeat":"repeat","background-position":"center center","background-size":"auto","background-attachment":"scroll","background-type":"","background-media":"","overlay-type":"","overlay-color":"","overlay-opacity":"","overlay-gradient":""},"tablet":{"background-color":"var(--ast-global-color-4)","background-image":"","background-repeat":"repeat","background-position":"center center","background-size":"auto","background-attachment":"scroll","background-type":"","background-media":"","overlay-type":"","overlay-color":"","overlay-opacity":"","overlay-gradient":""},"mobile":{"background-color":"var(--ast-global-color-4)","background-image":"","background-repeat":"repeat","background-position":"center center","background-size":"auto","background-attachment":"scroll","background-type":"","background-media":"","overlay-type":"","overlay-color":"","overlay-opacity":"","overlay-gradient":""}},"_joinchat":[],"footnotes":""},"class_list":["post-202","page","type-page","status-publish","hentry"],"yoast_head":"<!-- This site is optimized with the Yoast SEO plugin v27.3 - https:\/\/yoast.com\/product\/yoast-seo-wordpress\/ -->\n<title>Mentions l\u00e9gales - VTC R\u00e9union - Chauffeur Priv\u00e9 24h\/7j - 1chauffeur.re<\/title>\n<meta name=\"description\" content=\"VTC R\u00e9union - Chauffeur Priv\u00e9 24h\/7j - 1chauffeur.re\" \/>\n<meta name=\"robots\" content=\"index, follow, max-snippet:-1, max-image-preview:large, max-video-preview:-1\" \/>\n<link rel=\"canonical\" href=\"https:\/\/1chauffeur.re\/en\/mentions-legales\/\" \/>\n<meta property=\"og:locale\" content=\"en_US\" \/>\n<meta property=\"og:type\" content=\"article\" \/>\n<meta property=\"og:title\" content=\"Mentions l\u00e9gales - VTC R\u00e9union - Chauffeur Priv\u00e9 24h\/7j - 1chauffeur.re\" \/>\n<meta property=\"og:description\" content=\"VTC R\u00e9union - Chauffeur Priv\u00e9 24h\/7j - 1chauffeur.re\" \/>\n<meta property=\"og:url\" content=\"https:\/\/1chauffeur.re\/en\/mentions-legales\/\" \/>\n<meta property=\"og:site_name\" content=\"VTC R\u00e9union - Chauffeur Priv\u00e9 24h\/7j - 1chauffeur.re\" \/>\n<meta property=\"article:publisher\" content=\"https:\/\/www.facebook.com\/share\/15ScmMD6RwE\/\" \/>\n<meta property=\"article:modified_time\" content=\"2025-07-06T09:39:59+00:00\" \/>\n<meta name=\"twitter:card\" content=\"summary_large_image\" \/>\n<meta name=\"twitter:label1\" content=\"Est. reading time\" \/>\n\t<meta name=\"twitter:data1\" content=\"1 minute\" \/>\n<script type=\"application\/ld+json\" class=\"yoast-schema-graph\">{\"@context\":\"https:\\\/\\\/schema.org\",\"@graph\":[{\"@type\":\"WebPage\",\"@id\":\"https:\\\/\\\/1chauffeur.re\\\/mentions-legales\\\/\",\"url\":\"https:\\\/\\\/1chauffeur.re\\\/mentions-legales\\\/\",\"name\":\"Mentions l\u00e9gales - VTC R\u00e9union - Chauffeur Priv\u00e9 24h\\\/7j - 1chauffeur.re\",\"isPartOf\":{\"@id\":\"https:\\\/\\\/1chauffeur.re\\\/#website\"},\"datePublished\":\"2025-07-02T17:39:57+00:00\",\"dateModified\":\"2025-07-06T09:39:59+00:00\",\"description\":\"VTC R\u00e9union - Chauffeur Priv\u00e9 24h\\\/7j - 1chauffeur.re\",\"breadcrumb\":{\"@id\":\"https:\\\/\\\/1chauffeur.re\\\/mentions-legales\\\/#breadcrumb\"},\"inLanguage\":\"en-US\",\"potentialAction\":[{\"@type\":\"ReadAction\",\"target\":[\"https:\\\/\\\/1chauffeur.re\\\/mentions-legales\\\/\"]}]},{\"@type\":\"BreadcrumbList\",\"@id\":\"https:\\\/\\\/1chauffeur.re\\\/mentions-legales\\\/#breadcrumb\",\"itemListElement\":[{\"@type\":\"ListItem\",\"position\":1,\"name\":\"Accueil\",\"item\":\"https:\\\/\\\/1chauffeur.re\\\/\"},{\"@type\":\"ListItem\",\"position\":2,\"name\":\"Mentions l\u00e9gales\"}]},{\"@type\":\"WebSite\",\"@id\":\"https:\\\/\\\/1chauffeur.re\\\/#website\",\"url\":\"https:\\\/\\\/1chauffeur.re\\\/\",\"name\":\"1chauffeur.re\",\"description\":\"Chauffeur priv\u00e9 974 disponible 24h\\\/7 pour vos Transferts a\u00e9roport, trajets pros et perso, circuit touristique\",\"publisher\":{\"@id\":\"https:\\\/\\\/1chauffeur.re\\\/#organization\"},\"potentialAction\":[{\"@type\":\"SearchAction\",\"target\":{\"@type\":\"EntryPoint\",\"urlTemplate\":\"https:\\\/\\\/1chauffeur.re\\\/?s={search_term_string}\"},\"query-input\":{\"@type\":\"PropertyValueSpecification\",\"valueRequired\":true,\"valueName\":\"search_term_string\"}}],\"inLanguage\":\"en-US\"},{\"@type\":\"Organization\",\"@id\":\"https:\\\/\\\/1chauffeur.re\\\/#organization\",\"name\":\"1chauffeur.re\",\"url\":\"https:\\\/\\\/1chauffeur.re\\\/\",\"logo\":{\"@type\":\"ImageObject\",\"inLanguage\":\"en-US\",\"@id\":\"https:\\\/\\\/1chauffeur.re\\\/#\\\/schema\\\/logo\\\/image\\\/\",\"url\":\"https:\\\/\\\/1chauffeur.re\\\/wp-content\\\/uploads\\\/2025\\\/07\\\/logo-taxi.svg\",\"contentUrl\":\"https:\\\/\\\/1chauffeur.re\\\/wp-content\\\/uploads\\\/2025\\\/07\\\/logo-taxi.svg\",\"width\":216,\"height\":44,\"caption\":\"1chauffeur.re\"},\"image\":{\"@id\":\"https:\\\/\\\/1chauffeur.re\\\/#\\\/schema\\\/logo\\\/image\\\/\"},\"sameAs\":[\"https:\\\/\\\/www.facebook.com\\\/share\\\/15ScmMD6RwE\\\/\"]}]}<\/script>\n<!-- \/ Yoast SEO plugin. -->","yoast_head_json":{"title":"Mentions l\u00e9gales - VTC R\u00e9union - Chauffeur Priv\u00e9 24h\/7j - 1chauffeur.re","description":"VTC R\u00e9union - Chauffeur Priv\u00e9 24h\/7j - 1chauffeur.re","robots":{"index":"index","follow":"follow","max-snippet":"max-snippet:-1","max-image-preview":"max-image-preview:large","max-video-preview":"max-video-preview:-1"},"canonical":"https:\/\/1chauffeur.re\/en\/mentions-legales\/","og_locale":"en_US","og_type":"article","og_title":"Mentions l\u00e9gales - VTC R\u00e9union - Chauffeur Priv\u00e9 24h\/7j - 1chauffeur.re","og_description":"VTC R\u00e9union - Chauffeur Priv\u00e9 24h\/7j - 1chauffeur.re","og_url":"https:\/\/1chauffeur.re\/en\/mentions-legales\/","og_site_name":"VTC R\u00e9union - Chauffeur Priv\u00e9 24h\/7j - 1chauffeur.re","article_publisher":"https:\/\/www.facebook.com\/share\/15ScmMD6RwE\/","article_modified_time":"2025-07-06T09:39:59+00:00","twitter_card":"summary_large_image","twitter_misc":{"Est. reading time":"1 minute"},"schema":{"@context":"https:\/\/schema.org","@graph":[{"@type":"WebPage","@id":"https:\/\/1chauffeur.re\/mentions-legales\/","url":"https:\/\/1chauffeur.re\/mentions-legales\/","name":"Mentions l\u00e9gales - VTC R\u00e9union - Chauffeur Priv\u00e9 24h\/7j - 1chauffeur.re","isPartOf":{"@id":"https:\/\/1chauffeur.re\/#website"},"datePublished":"2025-07-02T17:39:57+00:00","dateModified":"2025-07-06T09:39:59+00:00","description":"VTC R\u00e9union - Chauffeur Priv\u00e9 24h\/7j - 1chauffeur.re","breadcrumb":{"@id":"https:\/\/1chauffeur.re\/mentions-legales\/#breadcrumb"},"inLanguage":"en-US","potentialAction":[{"@type":"ReadAction","target":["https:\/\/1chauffeur.re\/mentions-legales\/"]}]},{"@type":"BreadcrumbList","@id":"https:\/\/1chauffeur.re\/mentions-legales\/#breadcrumb","itemListElement":[{"@type":"ListItem","position":1,"name":"Accueil","item":"https:\/\/1chauffeur.re\/"},{"@type":"ListItem","position":2,"name":"Mentions l\u00e9gales"}]},{"@type":"WebSite","@id":"https:\/\/1chauffeur.re\/#website","url":"https:\/\/1chauffeur.re\/","name":"1chauffeur.re","description":"Chauffeur priv\u00e9 974 disponible 24h\/7 pour vos Transferts a\u00e9roport, trajets pros et perso, circuit touristique","publisher":{"@id":"https:\/\/1chauffeur.re\/#organization"},"potentialAction":[{"@type":"SearchAction","target":{"@type":"EntryPoint","urlTemplate":"https:\/\/1chauffeur.re\/?s={search_term_string}"},"query-input":{"@type":"PropertyValueSpecification","valueRequired":true,"valueName":"search_term_string"}}],"inLanguage":"en-US"},{"@type":"Organization","@id":"https:\/\/1chauffeur.re\/#organization","name":"1chauffeur.re","url":"https:\/\/1chauffeur.re\/","logo":{"@type":"ImageObject","inLanguage":"en-US","@id":"https:\/\/1chauffeur.re\/#\/schema\/logo\/image\/","url":"https:\/\/1chauffeur.re\/wp-content\/uploads\/2025\/07\/logo-taxi.svg","contentUrl":"https:\/\/1chauffeur.re\/wp-content\/uploads\/2025\/07\/logo-taxi.svg","width":216,"height":44,"caption":"1chauffeur.re"},"image":{"@id":"https:\/\/1chauffeur.re\/#\/schema\/logo\/image\/"},"sameAs":["https:\/\/www.facebook.com\/share\/15ScmMD6RwE\/"]}]}},"_links":{"self":[{"href":"https:\/\/1chauffeur.re\/en\/wp-json\/wp\/v2\/pages\/202","targetHints":{"allow":["GET"]}}],"collection":[{"href":"https:\/\/1chauffeur.re\/en\/wp-json\/wp\/v2\/pages"}],"about":[{"href":"https:\/\/1chauffeur.re\/en\/wp-json\/wp\/v2\/types\/page"}],"author":[{"embeddable":true,"href":"https:\/\/1chauffeur.re\/en\/wp-json\/wp\/v2\/users\/1"}],"replies":[{"embeddable":true,"href":"https:\/\/1chauffeur.re\/en\/wp-json\/wp\/v2\/comments?post=202"}],"version-history":[{"count":16,"href":"https:\/\/1chauffeur.re\/en\/wp-json\/wp\/v2\/pages\/202\/revisions"}],"predecessor-version":[{"id":542,"href":"https:\/\/1chauffeur.re\/en\/wp-json\/wp\/v2\/pages\/202\/revisions\/542"}],"wp:attachment":[{"href":"https:\/\/1chauffeur.re\/en\/wp-json\/wp\/v2\/media?parent=202"}],"curies":[{"name":"wp","href":"https:\/\/api.w.org\/{rel}","templated":true}]}}