{"id":211,"date":"2025-07-02T18:09:51","date_gmt":"2025-07-02T18:09:51","guid":{"rendered":"https:\/\/1chauffeur.re\/?page_id=211"},"modified":"2025-07-06T09:41:53","modified_gmt":"2025-07-06T09:41:53","slug":"politique-de-confidentialite","status":"publish","type":"page","link":"https:\/\/1chauffeur.re\/en\/politique-de-confidentialite\/","title":{"rendered":"Politique de confidentialit\u00e9"},"content":{"rendered":"<div data-elementor-type=\"wp-page\" data-elementor-id=\"211\" class=\"elementor elementor-211\" data-elementor-post-type=\"page\">\n\t\t\t\t<div class=\"elementor-element elementor-element-5977d66 e-flex e-con-boxed e-con e-parent\" data-id=\"5977d66\" data-element_type=\"container\" data-e-type=\"container\">\n\t\t\t\t\t<div class=\"e-con-inner\">\n\t\t\t\t<div class=\"elementor-element elementor-element-898bab0 elementor-widget elementor-widget-heading\" data-id=\"898bab0\" data-element_type=\"widget\" data-e-type=\"widget\" data-widget_type=\"heading.default\">\n\t\t\t\t\t<h2 class=\"elementor-heading-title elementor-size-default\">Politique de confidentialit\u00e9 <\/h2>\t\t\t\t<\/div>\n\t\t\t\t\t<\/div>\n\t\t\t\t<\/div>\n\t\t<div class=\"elementor-element elementor-element-0544c46 e-flex e-con-boxed e-con e-parent\" data-id=\"0544c46\" data-element_type=\"container\" data-e-type=\"container\">\n\t\t\t\t\t<div class=\"e-con-inner\">\n\t\t\t\t<div class=\"elementor-element elementor-element-bfa3d85 elementor-widget elementor-widget-text-editor\" data-id=\"bfa3d85\" data-element_type=\"widget\" data-e-type=\"widget\" data-widget_type=\"text-editor.default\">\n\t\t\t\t\t\t\t\t\t<p>Derni\u00e8re mise \u00e0 jour : 06\/07\/2025<\/p>\t\t\t\t\t\t\t\t<\/div>\n\t\t\t\t\t<\/div>\n\t\t\t\t<\/div>\n\t\t<div class=\"elementor-element elementor-element-6de3f9e e-flex e-con-boxed e-con e-parent\" data-id=\"6de3f9e\" data-element_type=\"container\" data-e-type=\"container\">\n\t\t\t\t\t<div class=\"e-con-inner\">\n\t\t\t\t<div class=\"elementor-element elementor-element-5e8f882 elementor-widget elementor-widget-text-editor\" data-id=\"5e8f882\" data-element_type=\"widget\" data-e-type=\"widget\" data-widget_type=\"text-editor.default\">\n\t\t\t\t\t\t\t\t\t<p data-start=\"329\" data-end=\"377\">1. Identit\u00e9 du responsable du traitement<\/p><p data-start=\"378\" data-end=\"523\">Le site 1chauffeur.re est \u00e9dit\u00e9 par son responsable l\u00e9gal, joignable \u00e0 l\u2019adresse :<br data-start=\"464\" data-end=\"467\" \/>\ud83d\udce7 <a class=\"cursor-pointer\" rel=\"noopener\" data-start=\"470\" data-end=\"523\">contact@1chauffeur.re<\/a><\/p>\t\t\t\t\t\t\t\t<\/div>\n\t\t\t\t\t<\/div>\n\t\t\t\t<\/div>\n\t\t<div class=\"elementor-element elementor-element-1c79023 e-flex e-con-boxed e-con e-parent\" data-id=\"1c79023\" data-element_type=\"container\" data-e-type=\"container\">\n\t\t\t\t\t<div class=\"e-con-inner\">\n\t\t\t\t<div class=\"elementor-element elementor-element-9f5191b elementor-widget elementor-widget-text-editor\" data-id=\"9f5191b\" data-element_type=\"widget\" data-e-type=\"widget\" data-widget_type=\"text-editor.default\">\n\t\t\t\t\t\t\t\t\t<p data-start=\"530\" data-end=\"572\">2. Donn\u00e9es personnelles collect\u00e9es<\/p><p data-start=\"573\" data-end=\"680\">Nous ne collectons des donn\u00e9es personnelles que lorsque vous les renseignez volontairement, notamment :<\/p><ul data-start=\"682\" data-end=\"804\"><li data-start=\"682\" data-end=\"749\"><p data-start=\"684\" data-end=\"749\">Via le formulaire de contact (nom, email, t\u00e9l\u00e9phone, message)<\/p><\/li><li data-start=\"750\" data-end=\"804\"><p data-start=\"752\" data-end=\"804\">Via le lien WhatsApp (votre num\u00e9ro de t\u00e9l\u00e9phone)<\/p><\/li><\/ul><p data-start=\"806\" data-end=\"923\">Ces donn\u00e9es sont utilis\u00e9es uniquement pour r\u00e9pondre \u00e0 vos demandes ou pour organiser une prestation de transport.<\/p>\t\t\t\t\t\t\t\t<\/div>\n\t\t\t\t\t<\/div>\n\t\t\t\t<\/div>\n\t\t<div class=\"elementor-element elementor-element-fabadf3 e-flex e-con-boxed e-con e-parent\" data-id=\"fabadf3\" data-element_type=\"container\" data-e-type=\"container\">\n\t\t\t\t\t<div class=\"e-con-inner\">\n\t\t\t\t<div class=\"elementor-element elementor-element-5dfdc4b elementor-widget elementor-widget-text-editor\" data-id=\"5dfdc4b\" data-element_type=\"widget\" data-e-type=\"widget\" data-widget_type=\"text-editor.default\">\n\t\t\t\t\t\t\t\t\t<p data-start=\"930\" data-end=\"964\">3. Finalit\u00e9s de traitement<\/p><p data-start=\"965\" data-end=\"1023\">Les donn\u00e9es sont collect\u00e9es pour les finalit\u00e9s suivantes :<\/p><ul data-start=\"1025\" data-end=\"1158\"><li data-start=\"1025\" data-end=\"1059\"><p data-start=\"1027\" data-end=\"1059\">R\u00e9pondre aux demandes de contact<\/p><\/li><li data-start=\"1060\" data-end=\"1100\"><p data-start=\"1062\" data-end=\"1100\">Organiser et confirmer une r\u00e9servation<\/p><\/li><li data-start=\"1101\" data-end=\"1158\"><p data-start=\"1103\" data-end=\"1158\">\u00c9changer par WhatsApp ou email dans le cadre du service<\/p><\/li><\/ul><p data-start=\"1160\" data-end=\"1235\">Elles ne sont jamais revendues, partag\u00e9es ou utilis\u00e9es \u00e0 d\u2019autres fins.<\/p>\t\t\t\t\t\t\t\t<\/div>\n\t\t\t\t\t<\/div>\n\t\t\t\t<\/div>\n\t\t<div class=\"elementor-element elementor-element-a0c1578 e-flex e-con-boxed e-con e-parent\" data-id=\"a0c1578\" data-element_type=\"container\" data-e-type=\"container\">\n\t\t\t\t\t<div class=\"e-con-inner\">\n\t\t\t\t<div class=\"elementor-element elementor-element-8acd8c2 elementor-widget elementor-widget-text-editor\" data-id=\"8acd8c2\" data-element_type=\"widget\" data-e-type=\"widget\" data-widget_type=\"text-editor.default\">\n\t\t\t\t\t\t\t\t\t<p data-start=\"1242\" data-end=\"1274\">4. Dur\u00e9e de conservation<\/p><ul data-start=\"1275\" data-end=\"1508\"><li data-start=\"1275\" data-end=\"1404\"><p data-start=\"1277\" data-end=\"1404\">Les donn\u00e9es envoy\u00e9es via le formulaire sont conserv\u00e9es le temps n\u00e9cessaire au traitement de votre demande, puis supprim\u00e9es.<\/p><\/li><li data-start=\"1405\" data-end=\"1508\"><p data-start=\"1407\" data-end=\"1508\">Aucune base de donn\u00e9es clients n\u2019est cr\u00e9\u00e9e \u00e0 des fins commerciales sans votre consentement explicite.<\/p><\/li><\/ul>\t\t\t\t\t\t\t\t<\/div>\n\t\t\t\t\t<\/div>\n\t\t\t\t<\/div>\n\t\t<div class=\"elementor-element elementor-element-46f52a4 e-flex e-con-boxed e-con e-parent\" data-id=\"46f52a4\" data-element_type=\"container\" data-e-type=\"container\">\n\t\t\t\t\t<div class=\"e-con-inner\">\n\t\t\t\t<div class=\"elementor-element elementor-element-c4aabcd elementor-widget elementor-widget-text-editor\" data-id=\"c4aabcd\" data-element_type=\"widget\" data-e-type=\"widget\" data-widget_type=\"text-editor.default\">\n\t\t\t\t\t\t\t\t\t<p data-start=\"1515\" data-end=\"1551\">5. Destinataires des donn\u00e9es<\/p><p data-start=\"1552\" data-end=\"1696\">Seul le g\u00e9rant de 1chauffeur.re a acc\u00e8s aux messages et aux donn\u00e9es envoy\u00e9es.<br data-start=\"1633\" data-end=\"1636\" \/>Aucune donn\u00e9e n\u2019est transf\u00e9r\u00e9e \u00e0 un tiers sans votre accord.<\/p>\t\t\t\t\t\t\t\t<\/div>\n\t\t\t\t\t<\/div>\n\t\t\t\t<\/div>\n\t\t<div class=\"elementor-element elementor-element-292057e e-flex e-con-boxed e-con e-parent\" data-id=\"292057e\" data-element_type=\"container\" data-e-type=\"container\">\n\t\t\t\t\t<div class=\"e-con-inner\">\n\t\t\t\t<div class=\"elementor-element elementor-element-8982990 elementor-widget elementor-widget-text-editor\" data-id=\"8982990\" data-element_type=\"widget\" data-e-type=\"widget\" data-widget_type=\"text-editor.default\">\n\t\t\t\t\t\t\t\t\t<p data-start=\"1703\" data-end=\"1737\">6. Droits des utilisateurs<\/p><p data-start=\"1738\" data-end=\"1835\">Conform\u00e9ment au R\u00e8glement G\u00e9n\u00e9ral sur la Protection des Donn\u00e9es (RGPD), vous disposez de droits :<\/p><ul data-start=\"1837\" data-end=\"1949\"><li data-start=\"1837\" data-end=\"1858\"><p data-start=\"1839\" data-end=\"1858\">Acc\u00e8s \u00e0 vos donn\u00e9es<\/p><\/li><li data-start=\"1859\" data-end=\"1874\"><p data-start=\"1861\" data-end=\"1874\">Rectification<\/p><\/li><li data-start=\"1875\" data-end=\"1888\"><p data-start=\"1877\" data-end=\"1888\">Suppression<\/p><\/li><li data-start=\"1889\" data-end=\"1915\"><p data-start=\"1891\" data-end=\"1915\">Opposition au traitement<\/p><\/li><li data-start=\"1916\" data-end=\"1949\"><p data-start=\"1918\" data-end=\"1949\">Portabilit\u00e9 (dans certains cas)<\/p><\/li><\/ul><p data-start=\"1951\" data-end=\"2046\">Pour exercer vos droits, contactez :<br data-start=\"1987\" data-end=\"1990\" \/>\ud83d\udce7 <a class=\"cursor-pointer\" rel=\"noopener\" data-start=\"1993\" data-end=\"2046\">contact@1chauffeur.re<\/a><\/p>\t\t\t\t\t\t\t\t<\/div>\n\t\t\t\t\t<\/div>\n\t\t\t\t<\/div>\n\t\t<div class=\"elementor-element elementor-element-010c523 e-flex e-con-boxed e-con e-parent\" data-id=\"010c523\" data-element_type=\"container\" data-e-type=\"container\">\n\t\t\t\t\t<div class=\"e-con-inner\">\n\t\t\t\t<div class=\"elementor-element elementor-element-a331206 elementor-widget elementor-widget-text-editor\" data-id=\"a331206\" data-element_type=\"widget\" data-e-type=\"widget\" data-widget_type=\"text-editor.default\">\n\t\t\t\t\t\t\t\t\t<p data-start=\"2053\" data-end=\"2084\">7. S\u00e9curit\u00e9 des donn\u00e9es<\/p><p data-start=\"2085\" data-end=\"2213\">Toutes les pr\u00e9cautions techniques et organisationnelles sont prises pour assurer la s\u00e9curit\u00e9 des donn\u00e9es transmises via le site.<\/p>\t\t\t\t\t\t\t\t<\/div>\n\t\t\t\t\t<\/div>\n\t\t\t\t<\/div>\n\t\t<div class=\"elementor-element elementor-element-07d262a e-flex e-con-boxed e-con e-parent\" data-id=\"07d262a\" data-element_type=\"container\" data-e-type=\"container\">\n\t\t\t\t\t<div class=\"e-con-inner\">\n\t\t\t\t<div class=\"elementor-element elementor-element-6a3a213 elementor-widget elementor-widget-text-editor\" data-id=\"6a3a213\" data-element_type=\"widget\" data-e-type=\"widget\" data-widget_type=\"text-editor.default\">\n\t\t\t\t\t\t\t\t\t<p data-start=\"2480\" data-end=\"2499\">8. WhatsApp<\/p><p data-start=\"2500\" data-end=\"2804\">En cliquant sur le lien WhatsApp pr\u00e9sent sur le site, vous \u00eates redirig\u00e9 vers l\u2019application ou le site de WhatsApp.<br data-start=\"2615\" data-end=\"2618\" \/>L\u2019utilisation de WhatsApp est soumise \u00e0 leurs propres conditions d\u2019utilisation et politique de confidentialit\u00e9.<br data-start=\"2729\" data-end=\"2732\" \/>1chauffeur.re ne stocke <strong data-start=\"2756\" data-end=\"2803\">aucune donn\u00e9e issue directement de WhatsApp<\/strong>.<\/p>\t\t\t\t\t\t\t\t<\/div>\n\t\t\t\t\t<\/div>\n\t\t\t\t<\/div>\n\t\t<div class=\"elementor-element elementor-element-ec4a52b e-flex e-con-boxed e-con e-parent\" data-id=\"ec4a52b\" data-element_type=\"container\" data-e-type=\"container\">\n\t\t\t\t\t<div class=\"e-con-inner\">\n\t\t\t\t<div class=\"elementor-element elementor-element-11604e4 elementor-widget elementor-widget-text-editor\" data-id=\"11604e4\" data-element_type=\"widget\" data-e-type=\"widget\" data-widget_type=\"text-editor.default\">\n\t\t\t\t\t\t\t\t\t<p data-start=\"2811\" data-end=\"2836\">9. Modifications<\/p><p data-start=\"2837\" data-end=\"2976\">La pr\u00e9sente politique peut \u00eatre mise \u00e0 jour \u00e0 tout moment.<br data-start=\"2895\" data-end=\"2898\" \/>En cas de modification importante, une notification sera affich\u00e9e sur le site.<\/p>\t\t\t\t\t\t\t\t<\/div>\n\t\t\t\t\t<\/div>\n\t\t\t\t<\/div>\n\t\t\t\t<\/div>","protected":false},"excerpt":{"rendered":"<p>Politique de confidentialit\u00e9 Derni\u00e8re mise \u00e0 jour : 06\/07\/2025 1. Identit\u00e9 du responsable du traitement Le site 1chauffeur.re est \u00e9dit\u00e9 [&hellip;]<\/p>\n","protected":false},"author":1,"featured_media":0,"parent":0,"menu_order":0,"comment_status":"closed","ping_status":"closed","template":"elementor_canvas","meta":{"site-sidebar-layout":"no-sidebar","site-content-layout":"","ast-site-content-layout":"full-width-container","site-content-style":"default","site-sidebar-style":"default","ast-global-header-display":"","ast-banner-title-visibility":"","ast-main-header-display":"","ast-hfb-above-header-display":"","ast-hfb-below-header-display":"","ast-hfb-mobile-header-display":"","site-post-title":"disabled","ast-breadcrumbs-content":"","ast-featured-img":"disabled","footer-sml-layout":"","ast-disable-related-posts":"","theme-transparent-header-meta":"","adv-header-id-meta":"","stick-header-meta":"","header-above-stick-meta":"","header-main-stick-meta":"","header-below-stick-meta":"","astra-migrate-meta-layouts":"default","ast-page-background-enabled":"default","ast-page-background-meta":{"desktop":{"background-color":"var(--ast-global-color-5)","background-image":"","background-repeat":"repeat","background-position":"center center","background-size":"auto","background-attachment":"scroll","background-type":"","background-media":"","overlay-type":"","overlay-color":"","overlay-opacity":"","overlay-gradient":""},"tablet":{"background-color":"","background-image":"","background-repeat":"repeat","background-position":"center center","background-size":"auto","background-attachment":"scroll","background-type":"","background-media":"","overlay-type":"","overlay-color":"","overlay-opacity":"","overlay-gradient":""},"mobile":{"background-color":"","background-image":"","background-repeat":"repeat","background-position":"center center","background-size":"auto","background-attachment":"scroll","background-type":"","background-media":"","overlay-type":"","overlay-color":"","overlay-opacity":"","overlay-gradient":""}},"ast-content-background-meta":{"desktop":{"background-color":"var(--ast-global-color-4)","background-image":"","background-repeat":"repeat","background-position":"center center","background-size":"auto","background-attachment":"scroll","background-type":"","background-media":"","overlay-type":"","overlay-color":"","overlay-opacity":"","overlay-gradient":""},"tablet":{"background-color":"var(--ast-global-color-4)","background-image":"","background-repeat":"repeat","background-position":"center center","background-size":"auto","background-attachment":"scroll","background-type":"","background-media":"","overlay-type":"","overlay-color":"","overlay-opacity":"","overlay-gradient":""},"mobile":{"background-color":"var(--ast-global-color-4)","background-image":"","background-repeat":"repeat","background-position":"center center","background-size":"auto","background-attachment":"scroll","background-type":"","background-media":"","overlay-type":"","overlay-color":"","overlay-opacity":"","overlay-gradient":""}},"_joinchat":[],"footnotes":""},"class_list":["post-211","page","type-page","status-publish","hentry"],"yoast_head":"<!-- This site is optimized with the Yoast SEO plugin v27.3 - https:\/\/yoast.com\/product\/yoast-seo-wordpress\/ -->\n<title>Politique de confidentialit\u00e9 - VTC R\u00e9union - Chauffeur Priv\u00e9 24h\/7j - 1chauffeur.re<\/title>\n<meta name=\"description\" content=\"VTC R\u00e9union - Chauffeur Priv\u00e9 24h\/7j - 1chauffeur.re\" \/>\n<meta name=\"robots\" content=\"index, follow, max-snippet:-1, max-image-preview:large, max-video-preview:-1\" \/>\n<link rel=\"canonical\" href=\"https:\/\/1chauffeur.re\/en\/politique-de-confidentialite\/\" \/>\n<meta property=\"og:locale\" content=\"en_US\" \/>\n<meta property=\"og:type\" content=\"article\" \/>\n<meta property=\"og:title\" content=\"Politique de confidentialit\u00e9 - VTC R\u00e9union - Chauffeur Priv\u00e9 24h\/7j - 1chauffeur.re\" \/>\n<meta property=\"og:description\" content=\"VTC R\u00e9union - Chauffeur Priv\u00e9 24h\/7j - 1chauffeur.re\" \/>\n<meta property=\"og:url\" content=\"https:\/\/1chauffeur.re\/en\/politique-de-confidentialite\/\" \/>\n<meta property=\"og:site_name\" content=\"VTC R\u00e9union - Chauffeur Priv\u00e9 24h\/7j - 1chauffeur.re\" \/>\n<meta property=\"article:publisher\" content=\"https:\/\/www.facebook.com\/share\/15ScmMD6RwE\/\" \/>\n<meta property=\"article:modified_time\" content=\"2025-07-06T09:41:53+00:00\" \/>\n<meta name=\"twitter:card\" content=\"summary_large_image\" \/>\n<meta name=\"twitter:label1\" content=\"Est. reading time\" \/>\n\t<meta name=\"twitter:data1\" content=\"2 minutes\" \/>\n<script type=\"application\/ld+json\" class=\"yoast-schema-graph\">{\"@context\":\"https:\\\/\\\/schema.org\",\"@graph\":[{\"@type\":\"WebPage\",\"@id\":\"https:\\\/\\\/1chauffeur.re\\\/politique-de-confidentialite\\\/\",\"url\":\"https:\\\/\\\/1chauffeur.re\\\/politique-de-confidentialite\\\/\",\"name\":\"Politique de confidentialit\u00e9 - VTC R\u00e9union - Chauffeur Priv\u00e9 24h\\\/7j - 1chauffeur.re\",\"isPartOf\":{\"@id\":\"https:\\\/\\\/1chauffeur.re\\\/#website\"},\"datePublished\":\"2025-07-02T18:09:51+00:00\",\"dateModified\":\"2025-07-06T09:41:53+00:00\",\"description\":\"VTC R\u00e9union - Chauffeur Priv\u00e9 24h\\\/7j - 1chauffeur.re\",\"breadcrumb\":{\"@id\":\"https:\\\/\\\/1chauffeur.re\\\/politique-de-confidentialite\\\/#breadcrumb\"},\"inLanguage\":\"en-US\",\"potentialAction\":[{\"@type\":\"ReadAction\",\"target\":[\"https:\\\/\\\/1chauffeur.re\\\/politique-de-confidentialite\\\/\"]}]},{\"@type\":\"BreadcrumbList\",\"@id\":\"https:\\\/\\\/1chauffeur.re\\\/politique-de-confidentialite\\\/#breadcrumb\",\"itemListElement\":[{\"@type\":\"ListItem\",\"position\":1,\"name\":\"Accueil\",\"item\":\"https:\\\/\\\/1chauffeur.re\\\/\"},{\"@type\":\"ListItem\",\"position\":2,\"name\":\"Politique de confidentialit\u00e9\"}]},{\"@type\":\"WebSite\",\"@id\":\"https:\\\/\\\/1chauffeur.re\\\/#website\",\"url\":\"https:\\\/\\\/1chauffeur.re\\\/\",\"name\":\"1chauffeur.re\",\"description\":\"Chauffeur priv\u00e9 974 disponible 24h\\\/7 pour vos Transferts a\u00e9roport, trajets pros et perso, circuit touristique\",\"publisher\":{\"@id\":\"https:\\\/\\\/1chauffeur.re\\\/#organization\"},\"potentialAction\":[{\"@type\":\"SearchAction\",\"target\":{\"@type\":\"EntryPoint\",\"urlTemplate\":\"https:\\\/\\\/1chauffeur.re\\\/?s={search_term_string}\"},\"query-input\":{\"@type\":\"PropertyValueSpecification\",\"valueRequired\":true,\"valueName\":\"search_term_string\"}}],\"inLanguage\":\"en-US\"},{\"@type\":\"Organization\",\"@id\":\"https:\\\/\\\/1chauffeur.re\\\/#organization\",\"name\":\"1chauffeur.re\",\"url\":\"https:\\\/\\\/1chauffeur.re\\\/\",\"logo\":{\"@type\":\"ImageObject\",\"inLanguage\":\"en-US\",\"@id\":\"https:\\\/\\\/1chauffeur.re\\\/#\\\/schema\\\/logo\\\/image\\\/\",\"url\":\"https:\\\/\\\/1chauffeur.re\\\/wp-content\\\/uploads\\\/2025\\\/07\\\/logo-taxi.svg\",\"contentUrl\":\"https:\\\/\\\/1chauffeur.re\\\/wp-content\\\/uploads\\\/2025\\\/07\\\/logo-taxi.svg\",\"width\":216,\"height\":44,\"caption\":\"1chauffeur.re\"},\"image\":{\"@id\":\"https:\\\/\\\/1chauffeur.re\\\/#\\\/schema\\\/logo\\\/image\\\/\"},\"sameAs\":[\"https:\\\/\\\/www.facebook.com\\\/share\\\/15ScmMD6RwE\\\/\"]}]}<\/script>\n<!-- \/ Yoast SEO plugin. -->","yoast_head_json":{"title":"Politique de confidentialit\u00e9 - VTC R\u00e9union - Chauffeur Priv\u00e9 24h\/7j - 1chauffeur.re","description":"VTC R\u00e9union - Chauffeur Priv\u00e9 24h\/7j - 1chauffeur.re","robots":{"index":"index","follow":"follow","max-snippet":"max-snippet:-1","max-image-preview":"max-image-preview:large","max-video-preview":"max-video-preview:-1"},"canonical":"https:\/\/1chauffeur.re\/en\/politique-de-confidentialite\/","og_locale":"en_US","og_type":"article","og_title":"Politique de confidentialit\u00e9 - VTC R\u00e9union - Chauffeur Priv\u00e9 24h\/7j - 1chauffeur.re","og_description":"VTC R\u00e9union - Chauffeur Priv\u00e9 24h\/7j - 1chauffeur.re","og_url":"https:\/\/1chauffeur.re\/en\/politique-de-confidentialite\/","og_site_name":"VTC R\u00e9union - Chauffeur Priv\u00e9 24h\/7j - 1chauffeur.re","article_publisher":"https:\/\/www.facebook.com\/share\/15ScmMD6RwE\/","article_modified_time":"2025-07-06T09:41:53+00:00","twitter_card":"summary_large_image","twitter_misc":{"Est. reading time":"2 minutes"},"schema":{"@context":"https:\/\/schema.org","@graph":[{"@type":"WebPage","@id":"https:\/\/1chauffeur.re\/politique-de-confidentialite\/","url":"https:\/\/1chauffeur.re\/politique-de-confidentialite\/","name":"Politique de confidentialit\u00e9 - VTC R\u00e9union - Chauffeur Priv\u00e9 24h\/7j - 1chauffeur.re","isPartOf":{"@id":"https:\/\/1chauffeur.re\/#website"},"datePublished":"2025-07-02T18:09:51+00:00","dateModified":"2025-07-06T09:41:53+00:00","description":"VTC R\u00e9union - Chauffeur Priv\u00e9 24h\/7j - 1chauffeur.re","breadcrumb":{"@id":"https:\/\/1chauffeur.re\/politique-de-confidentialite\/#breadcrumb"},"inLanguage":"en-US","potentialAction":[{"@type":"ReadAction","target":["https:\/\/1chauffeur.re\/politique-de-confidentialite\/"]}]},{"@type":"BreadcrumbList","@id":"https:\/\/1chauffeur.re\/politique-de-confidentialite\/#breadcrumb","itemListElement":[{"@type":"ListItem","position":1,"name":"Accueil","item":"https:\/\/1chauffeur.re\/"},{"@type":"ListItem","position":2,"name":"Politique de confidentialit\u00e9"}]},{"@type":"WebSite","@id":"https:\/\/1chauffeur.re\/#website","url":"https:\/\/1chauffeur.re\/","name":"1chauffeur.re","description":"Chauffeur priv\u00e9 974 disponible 24h\/7 pour vos Transferts a\u00e9roport, trajets pros et perso, circuit touristique","publisher":{"@id":"https:\/\/1chauffeur.re\/#organization"},"potentialAction":[{"@type":"SearchAction","target":{"@type":"EntryPoint","urlTemplate":"https:\/\/1chauffeur.re\/?s={search_term_string}"},"query-input":{"@type":"PropertyValueSpecification","valueRequired":true,"valueName":"search_term_string"}}],"inLanguage":"en-US"},{"@type":"Organization","@id":"https:\/\/1chauffeur.re\/#organization","name":"1chauffeur.re","url":"https:\/\/1chauffeur.re\/","logo":{"@type":"ImageObject","inLanguage":"en-US","@id":"https:\/\/1chauffeur.re\/#\/schema\/logo\/image\/","url":"https:\/\/1chauffeur.re\/wp-content\/uploads\/2025\/07\/logo-taxi.svg","contentUrl":"https:\/\/1chauffeur.re\/wp-content\/uploads\/2025\/07\/logo-taxi.svg","width":216,"height":44,"caption":"1chauffeur.re"},"image":{"@id":"https:\/\/1chauffeur.re\/#\/schema\/logo\/image\/"},"sameAs":["https:\/\/www.facebook.com\/share\/15ScmMD6RwE\/"]}]}},"_links":{"self":[{"href":"https:\/\/1chauffeur.re\/en\/wp-json\/wp\/v2\/pages\/211","targetHints":{"allow":["GET"]}}],"collection":[{"href":"https:\/\/1chauffeur.re\/en\/wp-json\/wp\/v2\/pages"}],"about":[{"href":"https:\/\/1chauffeur.re\/en\/wp-json\/wp\/v2\/types\/page"}],"author":[{"embeddable":true,"href":"https:\/\/1chauffeur.re\/en\/wp-json\/wp\/v2\/users\/1"}],"replies":[{"embeddable":true,"href":"https:\/\/1chauffeur.re\/en\/wp-json\/wp\/v2\/comments?post=211"}],"version-history":[{"count":7,"href":"https:\/\/1chauffeur.re\/en\/wp-json\/wp\/v2\/pages\/211\/revisions"}],"predecessor-version":[{"id":548,"href":"https:\/\/1chauffeur.re\/en\/wp-json\/wp\/v2\/pages\/211\/revisions\/548"}],"wp:attachment":[{"href":"https:\/\/1chauffeur.re\/en\/wp-json\/wp\/v2\/media?parent=211"}],"curies":[{"name":"wp","href":"https:\/\/api.w.org\/{rel}","templated":true}]}}